{"id":4769,"date":"2021-12-04T12:41:10","date_gmt":"2021-12-04T11:41:10","guid":{"rendered":"https:\/\/kamookovidi.com\/wbvc\/home\/"},"modified":"2026-04-15T19:20:18","modified_gmt":"2026-04-15T17:20:18","slug":"https-kamookovidi-com","status":"publish","type":"page","link":"https:\/\/kamookovidi.com\/wbvc\/","title":{"rendered":"Home"},"content":{"rendered":"\t\t<div data-elementor-type=\"wp-page\" data-elementor-id=\"4769\" class=\"elementor elementor-4769\">\n\t\t\t\t\t\t<section class=\"elementor-section elementor-top-section elementor-element elementor-element-53f18e6 elementor-section-full_width elementor-section-height-default elementor-section-height-default\" data-id=\"53f18e6\" data-element_type=\"section\" data-e-type=\"section\" data-settings=\"{&quot;background_background&quot;:&quot;video&quot;}\">\n\t\t\t\t\t\t\t<div class=\"elementor-background-overlay\"><\/div>\n\t\t\t\t\t\t\t<div class=\"elementor-container elementor-column-gap-default\">\n\t\t\t\t\t<div class=\"elementor-column elementor-col-100 elementor-top-column elementor-element elementor-element-63065c3\" data-id=\"63065c3\" data-element_type=\"column\" data-e-type=\"column\">\n\t\t\t<div class=\"elementor-widget-wrap elementor-element-populated\">\n\t\t\t\t\t\t<section class=\"elementor-section elementor-inner-section elementor-element elementor-element-69744d1 elementor-section-boxed elementor-section-height-default elementor-section-height-default\" data-id=\"69744d1\" data-element_type=\"section\" data-e-type=\"section\">\n\t\t\t\t\t\t<div class=\"elementor-container elementor-column-gap-default\">\n\t\t\t\t\t<div class=\"elementor-column elementor-col-50 elementor-inner-column elementor-element elementor-element-a3b9151\" data-id=\"a3b9151\" data-element_type=\"column\" data-e-type=\"column\">\n\t\t\t<div class=\"elementor-widget-wrap elementor-element-populated\">\n\t\t\t\t\t\t<div class=\"elementor-element elementor-element-7fc033b elementor-widget elementor-widget-image\" data-id=\"7fc033b\" data-element_type=\"widget\" data-e-type=\"widget\" data-widget_type=\"image.default\">\n\t\t\t\t<div class=\"elementor-widget-container\">\n\t\t\t\t\t\t\t\t\t\t\t\t\t\t\t\t<a href=\"https:\/\/kamookovidi.com\/wbvc\/home-hr\/\">\n\t\t\t\t\t\t\t<img fetchpriority=\"high\" decoding=\"async\" width=\"600\" height=\"234\" src=\"https:\/\/kamookovidi.com\/wbvc\/wp-content\/uploads\/2021\/11\/wbvc-logo.png\" class=\"attachment-medium_large size-medium_large wp-image-4555\" alt=\"WBVC logo\" srcset=\"https:\/\/kamookovidi.com\/wbvc\/wp-content\/uploads\/2021\/11\/wbvc-logo.png 600w, https:\/\/kamookovidi.com\/wbvc\/wp-content\/uploads\/2021\/11\/wbvc-logo-300x117.png 300w\" sizes=\"(max-width: 600px) 100vw, 600px\" \/>\t\t\t\t\t\t\t\t<\/a>\n\t\t\t\t\t\t\t\t\t\t\t\t\t\t\t<\/div>\n\t\t\t\t<\/div>\n\t\t\t\t<div class=\"elementor-element elementor-element-15be111 elementor-invisible elementor-widget elementor-widget-text-editor\" data-id=\"15be111\" data-element_type=\"widget\" data-e-type=\"widget\" data-settings=\"{&quot;_animation&quot;:&quot;rollIn&quot;}\" data-widget_type=\"text-editor.default\">\n\t\t\t\t<div class=\"elementor-widget-container\">\n\t\t\t\t\t\t\t\t\t<h1><div class=\"hurrytimer-cdt hurrytimer-cdt--4386 hurrytimer-campaign hurryt-loading hurrytimer-campaign-4386\" data-config=\"{&quot;id&quot;:4386,&quot;run_in_background&quot;:false,&quot;sticky&quot;:false,&quot;product_ids&quot;:[],&quot;actions&quot;:[{&quot;id&quot;:6,&quot;redirectUrl&quot;:&quot;&quot;,&quot;message&quot;:&quot;&lt;strong&gt;&lt;span style=\\&quot;font-size: 18px;\\&quot;&gt;&lt;span style=\\&quot;color: #00ff00;\\&quot;&gt;\\u010cestitke svim HRABRIM sudionicima Wild Boar Valley Challenge!&lt;\\\/span&gt;&lt;br \\\/&gt;\\r\\n&lt;\\\/span&gt;&lt;\\\/strong&gt;&quot;,&quot;coupon&quot;:&quot;&quot;,&quot;wcStockStatus&quot;:&quot;instock&quot;}],&quot;template&quot;:&quot;&lt;div class=\\&quot;hurrytimer-timer-block hurrytimer-cdt__dur\\&quot;&gt;&lt;div class=\\&quot;hurrytimer-timer-digit hurrytimer-cdt__time\\&quot;&gt;%m&lt;\\\/div&gt;&lt;div class=\\&quot;hurrytimer-timer-label hurrytimer-cdt__label\\&quot; &gt;months&lt;\\\/div&gt;&lt;\\\/div&gt;&lt;div class=\\&quot;hurrytimer-cdt__sep hurrytimer-timer-sep\\&quot;&gt;:&lt;\\\/div&gt;&lt;div class=\\&quot;hurrytimer-timer-block hurrytimer-cdt__dur\\&quot;&gt;&lt;div class=\\&quot;hurrytimer-timer-digit hurrytimer-cdt__time\\&quot;&gt;%n&lt;\\\/div&gt;&lt;div class=\\&quot;hurrytimer-timer-label hurrytimer-cdt__label\\&quot; &gt;days&lt;\\\/div&gt;&lt;\\\/div&gt;&lt;div class=\\&quot;hurrytimer-cdt__sep hurrytimer-timer-sep\\&quot;&gt;:&lt;\\\/div&gt;&lt;div class=\\&quot;hurrytimer-timer-block hurrytimer-cdt__dur\\&quot;&gt;&lt;div class=\\&quot;hurrytimer-timer-digit hurrytimer-cdt__time\\&quot;&gt;%H&lt;\\\/div&gt;&lt;div class=\\&quot;hurrytimer-timer-label hurrytimer-cdt__label\\&quot; &gt;hrs&lt;\\\/div&gt;&lt;\\\/div&gt;&quot;,&quot;methods&quot;:[1,2],&quot;mode&quot;:&quot;one_time&quot;,&quot;sticky_bar_hide_timeout&quot;:7,&quot;recurr&quot;:false,&quot;timeToNextRecurrence&quot;:0,&quot;isRegular&quot;:true,&quot;endDate&quot;:1792854000000}\" ><div class=\"hurrytimer-cdt__headline hurrytimer-headline\"><strong>WBVC 2026. <\/strong>po\u010dinje za:<\/div><div class=\"hurrytimer-cdt__inner hurrytimer-timer\"><\/div><div class='hurrytimer-button-wrap'><a class='hurrytimer-button' target='_self' href='https:\/\/kamookovidi.com\/wbvc\/registracija-2\/' >Prijavi se!<\/a><\/div><\/div><\/h1>\t\t\t\t\t\t\t\t<\/div>\n\t\t\t\t<\/div>\n\t\t\t\t\t<\/div>\n\t\t<\/div>\n\t\t\t\t<div class=\"elementor-column elementor-col-50 elementor-inner-column elementor-element elementor-element-eb2a450\" data-id=\"eb2a450\" data-element_type=\"column\" data-e-type=\"column\">\n\t\t\t<div class=\"elementor-widget-wrap elementor-element-populated\">\n\t\t\t\t\t\t<div class=\"elementor-element elementor-element-889e60a animated-slow elementor-icon-list--layout-traditional elementor-list-item-link-full_width elementor-invisible elementor-widget elementor-widget-icon-list\" data-id=\"889e60a\" data-element_type=\"widget\" data-e-type=\"widget\" data-settings=\"{&quot;_animation&quot;:&quot;zoomInUp&quot;,&quot;_animation_delay&quot;:800}\" data-widget_type=\"icon-list.default\">\n\t\t\t\t<div class=\"elementor-widget-container\">\n\t\t\t\t\t\t\t<ul class=\"elementor-icon-list-items\">\n\t\t\t\t\t\t\t<li class=\"elementor-icon-list-item\">\n\t\t\t\t\t\t\t\t\t\t\t<span class=\"elementor-icon-list-icon\">\n\t\t\t\t\t\t\t<i aria-hidden=\"true\" class=\"fas fa-check\"><\/i>\t\t\t\t\t\t<\/span>\n\t\t\t\t\t\t\t\t\t\t<span class=\"elementor-icon-list-text\">Roadbook<\/span>\n\t\t\t\t\t\t\t\t\t<\/li>\n\t\t\t\t\t\t\t\t<li class=\"elementor-icon-list-item\">\n\t\t\t\t\t\t\t\t\t\t\t<span class=\"elementor-icon-list-icon\">\n\t\t\t\t\t\t\t<i aria-hidden=\"true\" class=\"fas fa-check\"><\/i>\t\t\t\t\t\t<\/span>\n\t\t\t\t\t\t\t\t\t\t<span class=\"elementor-icon-list-text\">No\u0107na etapa<\/span>\n\t\t\t\t\t\t\t\t\t<\/li>\n\t\t\t\t\t\t\t\t<li class=\"elementor-icon-list-item\">\n\t\t\t\t\t\t\t\t\t\t\t<span class=\"elementor-icon-list-icon\">\n\t\t\t\t\t\t\t<i aria-hidden=\"true\" class=\"fas fa-check\"><\/i>\t\t\t\t\t\t<\/span>\n\t\t\t\t\t\t\t\t\t\t<span class=\"elementor-icon-list-text\">Kru\u017ena trka<\/span>\n\t\t\t\t\t\t\t\t\t<\/li>\n\t\t\t\t\t\t\t\t<li class=\"elementor-icon-list-item\">\n\t\t\t\t\t\t\t\t\t\t\t<span class=\"elementor-icon-list-icon\">\n\t\t\t\t\t\t\t<i aria-hidden=\"true\" class=\"fas fa-check\"><\/i>\t\t\t\t\t\t<\/span>\n\t\t\t\t\t\t\t\t\t\t<span class=\"elementor-icon-list-text\">Lapor (\"Plavi pijesak\")<\/span>\n\t\t\t\t\t\t\t\t\t<\/li>\n\t\t\t\t\t\t\t\t<li class=\"elementor-icon-list-item\">\n\t\t\t\t\t\t\t\t\t\t\t<span class=\"elementor-icon-list-icon\">\n\t\t\t\t\t\t\t<i aria-hidden=\"true\" class=\"fas fa-check\"><\/i>\t\t\t\t\t\t<\/span>\n\t\t\t\t\t\t\t\t\t\t<span class=\"elementor-icon-list-text\">Super Xtreme<\/span>\n\t\t\t\t\t\t\t\t\t<\/li>\n\t\t\t\t\t\t\t\t<li class=\"elementor-icon-list-item\">\n\t\t\t\t\t\t\t\t\t\t\t<span class=\"elementor-icon-list-icon\">\n\t\t\t\t\t\t\t<i aria-hidden=\"true\" class=\"fas fa-dot-circle\"><\/i>\t\t\t\t\t\t<\/span>\n\t\t\t\t\t\t\t\t\t\t<span class=\"elementor-icon-list-text\">Baza (kamp) u centru grada Buzeta<\/span>\n\t\t\t\t\t\t\t\t\t<\/li>\n\t\t\t\t\t\t\t\t<li class=\"elementor-icon-list-item\">\n\t\t\t\t\t\t\t\t\t\t\t<span class=\"elementor-icon-list-icon\">\n\t\t\t\t\t\t\t<i aria-hidden=\"true\" class=\"fas fa-check\"><\/i>\t\t\t\t\t\t<\/span>\n\t\t\t\t\t\t\t\t\t\t<span class=\"elementor-icon-list-text\">6 dana natjecanja<\/span>\n\t\t\t\t\t\t\t\t\t<\/li>\n\t\t\t\t\t\t\t\t<li class=\"elementor-icon-list-item\">\n\t\t\t\t\t\t\t\t\t\t\t<span class=\"elementor-icon-list-icon\">\n\t\t\t\t\t\t\t<i aria-hidden=\"true\" class=\"fas fa-check\"><\/i>\t\t\t\t\t\t<\/span>\n\t\t\t\t\t\t\t\t\t\t<span class=\"elementor-icon-list-text\">Kamp na asfaltnoj podlozi<\/span>\n\t\t\t\t\t\t\t\t\t<\/li>\n\t\t\t\t\t\t\t\t<li class=\"elementor-icon-list-item\">\n\t\t\t\t\t\t\t\t\t\t\t<span class=\"elementor-icon-list-icon\">\n\t\t\t\t\t\t\t<i aria-hidden=\"true\" class=\"fas fa-check\"><\/i>\t\t\t\t\t\t<\/span>\n\t\t\t\t\t\t\t\t\t\t<span class=\"elementor-icon-list-text\">Startanje po protokolu, bez ka\u0161njenja<\/span>\n\t\t\t\t\t\t\t\t\t<\/li>\n\t\t\t\t\t\t\t\t<li class=\"elementor-icon-list-item\">\n\t\t\t\t\t\t\t\t\t\t\t<span class=\"elementor-icon-list-icon\">\n\t\t\t\t\t\t\t<i aria-hidden=\"true\" class=\"fas fa-check\"><\/i>\t\t\t\t\t\t<\/span>\n\t\t\t\t\t\t\t\t\t\t<span class=\"elementor-icon-list-text\">Bogat sadr\u017eaj (kafi\u0107i, du\u010dani, Stari Grad Buzet...)<\/span>\n\t\t\t\t\t\t\t\t\t<\/li>\n\t\t\t\t\t\t\t\t<li class=\"elementor-icon-list-item\">\n\t\t\t\t\t\t\t\t\t\t\t<span class=\"elementor-icon-list-icon\">\n\t\t\t\t\t\t\t<i aria-hidden=\"true\" class=\"fas fa-check\"><\/i>\t\t\t\t\t\t<\/span>\n\t\t\t\t\t\t\t\t\t\t<span class=\"elementor-icon-list-text\">Odli\u010dno dru\u0161tvo i dobra zabava<\/span>\n\t\t\t\t\t\t\t\t\t<\/li>\n\t\t\t\t\t\t<\/ul>\n\t\t\t\t\t\t<\/div>\n\t\t\t\t<\/div>\n\t\t\t\t<div class=\"elementor-element elementor-element-d3714ee elementor-button-info elementor-align-center elementor-widget elementor-widget-button\" data-id=\"d3714ee\" data-element_type=\"widget\" data-e-type=\"widget\" data-widget_type=\"button.default\">\n\t\t\t\t<div class=\"elementor-widget-container\">\n\t\t\t\t\t\t\t\t\t<div class=\"elementor-button-wrapper\">\n\t\t\t\t\t<a class=\"elementor-button elementor-button-link elementor-size-lg elementor-animation-wobble-bottom\" href=\"https:\/\/kamookovidi.com\/wbvc\/home-hr\/\">\n\t\t\t\t\t\t<span class=\"elementor-button-content-wrapper\">\n\t\t\t\t\t\t<span class=\"elementor-button-icon\">\n\t\t\t\t<i aria-hidden=\"true\" class=\"fas fa-door-open\"><\/i>\t\t\t<\/span>\n\t\t\t\t\t\t\t\t\t<span class=\"elementor-button-text\">Pro\u010ditaj vi\u0161e...<\/span>\n\t\t\t\t\t<\/span>\n\t\t\t\t\t<\/a>\n\t\t\t\t<\/div>\n\t\t\t\t\t\t\t\t<\/div>\n\t\t\t\t<\/div>\n\t\t\t\t\t<\/div>\n\t\t<\/div>\n\t\t\t\t\t<\/div>\n\t\t<\/section>\n\t\t\t\t\t<\/div>\n\t\t<\/div>\n\t\t\t\t\t<\/div>\n\t\t<\/section>\n\t\t\t\t<section class=\"elementor-section elementor-top-section elementor-element elementor-element-551c077 elementor-section-full_width elementor-section-height-default elementor-section-height-default\" data-id=\"551c077\" data-element_type=\"section\" data-e-type=\"section\" data-settings=\"{&quot;background_background&quot;:&quot;video&quot;}\">\n\t\t\t\t\t\t\t<div class=\"elementor-background-overlay\"><\/div>\n\t\t\t\t\t\t\t<div class=\"elementor-container elementor-column-gap-default\">\n\t\t\t\t\t<div class=\"elementor-column elementor-col-100 elementor-top-column elementor-element elementor-element-cb60add\" data-id=\"cb60add\" data-element_type=\"column\" data-e-type=\"column\">\n\t\t\t<div class=\"elementor-widget-wrap elementor-element-populated\">\n\t\t\t\t\t\t<div class=\"elementor-element elementor-element-a97ee11 elementor-invisible elementor-widget elementor-widget-text-path\" data-id=\"a97ee11\" data-element_type=\"widget\" data-e-type=\"widget\" data-settings=\"{&quot;text&quot;:&quot;Only for the brave! &quot;,&quot;align&quot;:&quot;center&quot;,&quot;_animation&quot;:&quot;fadeInDown&quot;,&quot;link&quot;:{&quot;url&quot;:&quot;https:\\\/\\\/kamookovidi.com\\\/wbvc\\\/registracija-2\\\/&quot;,&quot;is_external&quot;:&quot;&quot;,&quot;nofollow&quot;:&quot;&quot;,&quot;custom_attributes&quot;:&quot;&quot;},&quot;start_point&quot;:{&quot;unit&quot;:&quot;%&quot;,&quot;size&quot;:0,&quot;sizes&quot;:[]}}\" data-widget_type=\"text-path.default\">\n\t\t\t\t<div class=\"elementor-widget-container\">\n\t\t\t\t\t\t\t<div class=\"e-text-path elementor-animation-pulse\" data-text=\"Only for the brave! \" data-url=\"\/\/kamookovidi.com\/wbvc\/wp-content\/plugins\/elementor\/assets\/svg-paths\/line.svg\" data-link-url=\"https:\/\/kamookovidi.com\/wbvc\/registracija-2\/\"><\/div>\n\t\t\t\t\t\t<\/div>\n\t\t\t\t<\/div>\n\t\t\t\t\t<\/div>\n\t\t<\/div>\n\t\t\t\t\t<\/div>\n\t\t<\/section>\n\t\t\t\t<section class=\"elementor-section elementor-top-section elementor-element elementor-element-47c3d27 elementor-section-boxed elementor-section-height-default elementor-section-height-default\" data-id=\"47c3d27\" data-element_type=\"section\" data-e-type=\"section\">\n\t\t\t\t\t\t<div class=\"elementor-container elementor-column-gap-default\">\n\t\t\t\t\t<div class=\"elementor-column elementor-col-100 elementor-top-column elementor-element elementor-element-6f86109\" data-id=\"6f86109\" data-element_type=\"column\" data-e-type=\"column\">\n\t\t\t<div class=\"elementor-widget-wrap elementor-element-populated\">\n\t\t\t\t\t\t<div class=\"elementor-element elementor-element-d1a6122 elementor-widget elementor-widget-image\" data-id=\"d1a6122\" data-element_type=\"widget\" data-e-type=\"widget\" data-widget_type=\"image.default\">\n\t\t\t\t<div class=\"elementor-widget-container\">\n\t\t\t\t\t\t\t\t\t\t\t\t\t\t\t<img decoding=\"async\" width=\"200\" height=\"95\" src=\"https:\/\/kamookovidi.com\/wbvc\/wp-content\/uploads\/2021\/11\/logo-stari-orc-kov.png\" class=\"attachment-large size-large wp-image-4004\" alt=\"ORC &quot;Kamo oko vidi&quot; logo\" \/>\t\t\t\t\t\t\t\t\t\t\t\t\t\t\t<\/div>\n\t\t\t\t<\/div>\n\t\t\t\t\t<\/div>\n\t\t<\/div>\n\t\t\t\t\t<\/div>\n\t\t<\/section>\n\t\t\t\t<\/div>\n\t\t","protected":false},"excerpt":{"rendered":"Roadbook No\u0107na etapa Kru\u017ena trka Lapor (&#8220;Plavi pijesak&#8221;) Super Xtreme Baza (kamp) u centru grada Buzeta 6 dana natjecanja Kamp na asfaltnoj podlozi \n<a class=\"moretag\" href=\"https:\/\/kamookovidi.com\/wbvc\/\"> [...]<\/a>","protected":false},"author":1,"featured_media":0,"parent":0,"menu_order":0,"comment_status":"closed","ping_status":"closed","template":"elementor_canvas","meta":{"footnotes":""},"class_list":["post-4769","page","type-page","status-publish","hentry"],"yoast_head":"<!-- This site is optimized with the Yoast SEO plugin v27.4 - https:\/\/yoast.com\/product\/yoast-seo-wordpress\/ -->\n<title>Home - ORC &quot;Kamo oko vidi&quot;<\/title>\n<meta name=\"description\" content=\"Offroad club &quot;Kamo Oko Vidi&quot; was officially founded in 2005 in Buzet, although unofficial beginning took place in the mid-90s...\" \/>\n<meta name=\"robots\" content=\"index, follow, max-snippet:-1, max-image-preview:large, max-video-preview:-1\" \/>\n<link rel=\"canonical\" href=\"https:\/\/kamookovidi.com\/wbvc\/\" \/>\n<meta property=\"og:locale\" content=\"hr_HR\" \/>\n<meta property=\"og:type\" content=\"article\" \/>\n<meta property=\"og:title\" content=\"Home - ORC &quot;Kamo oko vidi&quot;\" \/>\n<meta property=\"og:description\" content=\"Offroad club &quot;Kamo Oko Vidi&quot; was officially founded in 2005 in Buzet, although unofficial beginning took place in the mid-90s...\" \/>\n<meta property=\"og:url\" content=\"https:\/\/kamookovidi.com\/wbvc\/\" \/>\n<meta property=\"og:site_name\" content=\"ORC &quot;Kamo oko vidi&quot;\" \/>\n<meta property=\"article:publisher\" content=\"https:\/\/www.facebook.com\/wildboarvalleychallenge\" \/>\n<meta property=\"article:modified_time\" content=\"2026-04-15T17:20:18+00:00\" \/>\n<meta property=\"og:image\" content=\"https:\/\/kamookovidi.com\/wbvc\/wp-content\/uploads\/2021\/11\/wbvc-logo.png\" \/>\n\t<meta property=\"og:image:width\" content=\"600\" \/>\n\t<meta property=\"og:image:height\" content=\"234\" \/>\n\t<meta property=\"og:image:type\" content=\"image\/png\" \/>\n<meta name=\"twitter:card\" content=\"summary_large_image\" \/>\n<meta name=\"twitter:label1\" content=\"Procijenjeno vrijeme \u010ditanja\" \/>\n\t<meta name=\"twitter:data1\" content=\"1 minuta\" \/>\n<script type=\"application\/ld+json\" class=\"yoast-schema-graph\">{\"@context\":\"https:\\\/\\\/schema.org\",\"@graph\":[{\"@type\":\"WebPage\",\"@id\":\"https:\\\/\\\/kamookovidi.com\\\/wbvc\\\/\",\"url\":\"https:\\\/\\\/kamookovidi.com\\\/wbvc\\\/\",\"name\":\"Home - ORC &quot;Kamo oko vidi&quot;\",\"isPartOf\":{\"@id\":\"https:\\\/\\\/kamookovidi.com\\\/wbvc\\\/#website\"},\"primaryImageOfPage\":{\"@id\":\"https:\\\/\\\/kamookovidi.com\\\/wbvc\\\/#primaryimage\"},\"image\":{\"@id\":\"https:\\\/\\\/kamookovidi.com\\\/wbvc\\\/#primaryimage\"},\"thumbnailUrl\":\"https:\\\/\\\/kamookovidi.com\\\/wbvc\\\/wp-content\\\/uploads\\\/2021\\\/11\\\/wbvc-logo.png\",\"datePublished\":\"2021-12-04T11:41:10+00:00\",\"dateModified\":\"2026-04-15T17:20:18+00:00\",\"description\":\"Offroad club \\\"Kamo Oko Vidi\\\" was officially founded in 2005 in Buzet, although unofficial beginning took place in the mid-90s...\",\"breadcrumb\":{\"@id\":\"https:\\\/\\\/kamookovidi.com\\\/wbvc\\\/#breadcrumb\"},\"inLanguage\":\"hr\",\"potentialAction\":[{\"@type\":\"ReadAction\",\"target\":[\"https:\\\/\\\/kamookovidi.com\\\/wbvc\\\/\"]}]},{\"@type\":\"ImageObject\",\"inLanguage\":\"hr\",\"@id\":\"https:\\\/\\\/kamookovidi.com\\\/wbvc\\\/#primaryimage\",\"url\":\"https:\\\/\\\/kamookovidi.com\\\/wbvc\\\/wp-content\\\/uploads\\\/2021\\\/11\\\/wbvc-logo.png\",\"contentUrl\":\"https:\\\/\\\/kamookovidi.com\\\/wbvc\\\/wp-content\\\/uploads\\\/2021\\\/11\\\/wbvc-logo.png\",\"width\":600,\"height\":234,\"caption\":\"WBVC logo\"},{\"@type\":\"BreadcrumbList\",\"@id\":\"https:\\\/\\\/kamookovidi.com\\\/wbvc\\\/#breadcrumb\",\"itemListElement\":[{\"@type\":\"ListItem\",\"position\":1,\"name\":\"Po\u010detna stranica\",\"item\":\"https:\\\/\\\/kamookovidi.com\\\/wbvc\\\/\"},{\"@type\":\"ListItem\",\"position\":2,\"name\":\"Home\"}]},{\"@type\":\"WebSite\",\"@id\":\"https:\\\/\\\/kamookovidi.com\\\/wbvc\\\/#website\",\"url\":\"https:\\\/\\\/kamookovidi.com\\\/wbvc\\\/\",\"name\":\"ORC \\\"Kamo oko vidi\\\"\",\"description\":\"WBVC - Wild Boar Valley Challenge\",\"publisher\":{\"@id\":\"https:\\\/\\\/kamookovidi.com\\\/wbvc\\\/#organization\"},\"potentialAction\":[{\"@type\":\"SearchAction\",\"target\":{\"@type\":\"EntryPoint\",\"urlTemplate\":\"https:\\\/\\\/kamookovidi.com\\\/wbvc\\\/?s={search_term_string}\"},\"query-input\":{\"@type\":\"PropertyValueSpecification\",\"valueRequired\":true,\"valueName\":\"search_term_string\"}}],\"inLanguage\":\"hr\"},{\"@type\":\"Organization\",\"@id\":\"https:\\\/\\\/kamookovidi.com\\\/wbvc\\\/#organization\",\"name\":\"ORC \\\"Kamo oko vidi\\\"\",\"url\":\"https:\\\/\\\/kamookovidi.com\\\/wbvc\\\/\",\"logo\":{\"@type\":\"ImageObject\",\"inLanguage\":\"hr\",\"@id\":\"https:\\\/\\\/kamookovidi.com\\\/wbvc\\\/#\\\/schema\\\/logo\\\/image\\\/\",\"url\":\"https:\\\/\\\/kamookovidi.com\\\/wbvc\\\/wp-content\\\/uploads\\\/2021\\\/11\\\/wbvc-logo.png\",\"contentUrl\":\"https:\\\/\\\/kamookovidi.com\\\/wbvc\\\/wp-content\\\/uploads\\\/2021\\\/11\\\/wbvc-logo.png\",\"width\":600,\"height\":234,\"caption\":\"ORC \\\"Kamo oko vidi\\\"\"},\"image\":{\"@id\":\"https:\\\/\\\/kamookovidi.com\\\/wbvc\\\/#\\\/schema\\\/logo\\\/image\\\/\"},\"sameAs\":[\"https:\\\/\\\/www.facebook.com\\\/wildboarvalleychallenge\",\"https:\\\/\\\/www.facebook.com\\\/groups\\\/569770493089109\"]}]}<\/script>\n<!-- \/ Yoast SEO plugin. -->","yoast_head_json":{"title":"Home - ORC &quot;Kamo oko vidi&quot;","description":"Offroad club \"Kamo Oko Vidi\" was officially founded in 2005 in Buzet, although unofficial beginning took place in the mid-90s...","robots":{"index":"index","follow":"follow","max-snippet":"max-snippet:-1","max-image-preview":"max-image-preview:large","max-video-preview":"max-video-preview:-1"},"canonical":"https:\/\/kamookovidi.com\/wbvc\/","og_locale":"hr_HR","og_type":"article","og_title":"Home - ORC &quot;Kamo oko vidi&quot;","og_description":"Offroad club \"Kamo Oko Vidi\" was officially founded in 2005 in Buzet, although unofficial beginning took place in the mid-90s...","og_url":"https:\/\/kamookovidi.com\/wbvc\/","og_site_name":"ORC &quot;Kamo oko vidi&quot;","article_publisher":"https:\/\/www.facebook.com\/wildboarvalleychallenge","article_modified_time":"2026-04-15T17:20:18+00:00","og_image":[{"width":600,"height":234,"url":"https:\/\/kamookovidi.com\/wbvc\/wp-content\/uploads\/2021\/11\/wbvc-logo.png","type":"image\/png"}],"twitter_card":"summary_large_image","twitter_misc":{"Procijenjeno vrijeme \u010ditanja":"1 minuta"},"schema":{"@context":"https:\/\/schema.org","@graph":[{"@type":"WebPage","@id":"https:\/\/kamookovidi.com\/wbvc\/","url":"https:\/\/kamookovidi.com\/wbvc\/","name":"Home - ORC &quot;Kamo oko vidi&quot;","isPartOf":{"@id":"https:\/\/kamookovidi.com\/wbvc\/#website"},"primaryImageOfPage":{"@id":"https:\/\/kamookovidi.com\/wbvc\/#primaryimage"},"image":{"@id":"https:\/\/kamookovidi.com\/wbvc\/#primaryimage"},"thumbnailUrl":"https:\/\/kamookovidi.com\/wbvc\/wp-content\/uploads\/2021\/11\/wbvc-logo.png","datePublished":"2021-12-04T11:41:10+00:00","dateModified":"2026-04-15T17:20:18+00:00","description":"Offroad club \"Kamo Oko Vidi\" was officially founded in 2005 in Buzet, although unofficial beginning took place in the mid-90s...","breadcrumb":{"@id":"https:\/\/kamookovidi.com\/wbvc\/#breadcrumb"},"inLanguage":"hr","potentialAction":[{"@type":"ReadAction","target":["https:\/\/kamookovidi.com\/wbvc\/"]}]},{"@type":"ImageObject","inLanguage":"hr","@id":"https:\/\/kamookovidi.com\/wbvc\/#primaryimage","url":"https:\/\/kamookovidi.com\/wbvc\/wp-content\/uploads\/2021\/11\/wbvc-logo.png","contentUrl":"https:\/\/kamookovidi.com\/wbvc\/wp-content\/uploads\/2021\/11\/wbvc-logo.png","width":600,"height":234,"caption":"WBVC logo"},{"@type":"BreadcrumbList","@id":"https:\/\/kamookovidi.com\/wbvc\/#breadcrumb","itemListElement":[{"@type":"ListItem","position":1,"name":"Po\u010detna stranica","item":"https:\/\/kamookovidi.com\/wbvc\/"},{"@type":"ListItem","position":2,"name":"Home"}]},{"@type":"WebSite","@id":"https:\/\/kamookovidi.com\/wbvc\/#website","url":"https:\/\/kamookovidi.com\/wbvc\/","name":"ORC \"Kamo oko vidi\"","description":"WBVC - Wild Boar Valley Challenge","publisher":{"@id":"https:\/\/kamookovidi.com\/wbvc\/#organization"},"potentialAction":[{"@type":"SearchAction","target":{"@type":"EntryPoint","urlTemplate":"https:\/\/kamookovidi.com\/wbvc\/?s={search_term_string}"},"query-input":{"@type":"PropertyValueSpecification","valueRequired":true,"valueName":"search_term_string"}}],"inLanguage":"hr"},{"@type":"Organization","@id":"https:\/\/kamookovidi.com\/wbvc\/#organization","name":"ORC \"Kamo oko vidi\"","url":"https:\/\/kamookovidi.com\/wbvc\/","logo":{"@type":"ImageObject","inLanguage":"hr","@id":"https:\/\/kamookovidi.com\/wbvc\/#\/schema\/logo\/image\/","url":"https:\/\/kamookovidi.com\/wbvc\/wp-content\/uploads\/2021\/11\/wbvc-logo.png","contentUrl":"https:\/\/kamookovidi.com\/wbvc\/wp-content\/uploads\/2021\/11\/wbvc-logo.png","width":600,"height":234,"caption":"ORC \"Kamo oko vidi\""},"image":{"@id":"https:\/\/kamookovidi.com\/wbvc\/#\/schema\/logo\/image\/"},"sameAs":["https:\/\/www.facebook.com\/wildboarvalleychallenge","https:\/\/www.facebook.com\/groups\/569770493089109"]}]}},"_links":{"self":[{"href":"https:\/\/kamookovidi.com\/wbvc\/wp-json\/wp\/v2\/pages\/4769","targetHints":{"allow":["GET"]}}],"collection":[{"href":"https:\/\/kamookovidi.com\/wbvc\/wp-json\/wp\/v2\/pages"}],"about":[{"href":"https:\/\/kamookovidi.com\/wbvc\/wp-json\/wp\/v2\/types\/page"}],"author":[{"embeddable":true,"href":"https:\/\/kamookovidi.com\/wbvc\/wp-json\/wp\/v2\/users\/1"}],"replies":[{"embeddable":true,"href":"https:\/\/kamookovidi.com\/wbvc\/wp-json\/wp\/v2\/comments?post=4769"}],"version-history":[{"count":440,"href":"https:\/\/kamookovidi.com\/wbvc\/wp-json\/wp\/v2\/pages\/4769\/revisions"}],"predecessor-version":[{"id":6847,"href":"https:\/\/kamookovidi.com\/wbvc\/wp-json\/wp\/v2\/pages\/4769\/revisions\/6847"}],"wp:attachment":[{"href":"https:\/\/kamookovidi.com\/wbvc\/wp-json\/wp\/v2\/media?parent=4769"}],"curies":[{"name":"wp","href":"https:\/\/api.w.org\/{rel}","templated":true}]}}